{"id":1846,"date":"2023-03-11T10:02:27","date_gmt":"2023-03-11T10:02:27","guid":{"rendered":"https:\/\/bacta-implants.com\/?page_id=1846"},"modified":"2025-08-18T11:07:29","modified_gmt":"2025-08-18T11:07:29","slug":"partnerinnen","status":"publish","type":"page","link":"https:\/\/bacta-implants.com\/en\/partnerinnen\/","title":{"rendered":"Partner:innen"},"content":{"rendered":"<h2 class=\"gb-headline gb-headline-77743ecc gb-headline-text\">Partners<\/h2>\n\n\n\n<p class=\"has-text-align-center has-ast-global-color-3-color has-text-color has-medium-font-size\">We thank our partners for their support<\/p>\n\n\n\n<div class=\"wp-block-cover alignfull\" style=\"min-height:89px;aspect-ratio:unset;\"><img decoding=\"async\" class=\"wp-block-cover__image-background wp-image-1996\" alt=\"\" src=\"https:\/\/bacta-implants.com\/wp-content\/uploads\/2023\/03\/Element_Hintergrund_Bacta-Slide-1024x768-1.jpg\" data-object-fit=\"cover\"\/><span aria-hidden=\"true\" class=\"wp-block-cover__background has-ast-global-color-0-background-color has-background-dim-100 has-background-dim\"><\/span><div class=\"wp-block-cover__inner-container is-layout-flow wp-block-cover-is-layout-flow\">\n<p class=\"has-text-align-center has-small-font-size\"><\/p>\n<\/div><\/div>\n\n\n\n<div class=\"wp-block-stackable-columns stk-block-columns stk-block stk-3494cb6\" data-block-id=\"3494cb6\"><style>.stk-3494cb6 .stk--block-align-3494cb6{align-items:center !important;}<\/style><div class=\"stk-row stk-inner-blocks stk--block-align-3494cb6 stk-block-content stk-content-align stk-3494cb6-column\">\n<div class=\"wp-block-stackable-column stk-block-column stk-column stk-block stk-1658620\" data-v=\"4\" data-block-id=\"1658620\"><style>@media screen and (min-width: 768px){.stk-1658620 {flex:var(--stk-flex-grow, 1) 1 calc(30% - var(--stk-column-gap, 0px) * 1 \/ 2 ) !important;}}<\/style><div class=\"stk-column-wrapper stk-block-column__content stk-container stk-1658620-container stk--no-background stk--no-padding\"><div class=\"stk-block-content stk-inner-blocks stk-1658620-inner-blocks\">\n<figure class=\"wp-block-image size-large\"><a href=\"https:\/\/starting-business-luh.de\/sminthannover\/\" target=\"_blank\" rel=\"noreferrer noopener\"><img loading=\"lazy\" decoding=\"async\" width=\"1024\" height=\"781\" src=\"https:\/\/bacta-implants.com\/wp-content\/uploads\/2023\/05\/bild-schriftmarke-centred-1024x781.png\" alt=\"\" class=\"wp-image-3152\" srcset=\"https:\/\/bacta-implants.com\/wp-content\/uploads\/2023\/05\/bild-schriftmarke-centred-1024x781.png 1024w, https:\/\/bacta-implants.com\/wp-content\/uploads\/2023\/05\/bild-schriftmarke-centred-300x229.png 300w, https:\/\/bacta-implants.com\/wp-content\/uploads\/2023\/05\/bild-schriftmarke-centred-768x586.png 768w, https:\/\/bacta-implants.com\/wp-content\/uploads\/2023\/05\/bild-schriftmarke-centred-1536x1171.png 1536w, https:\/\/bacta-implants.com\/wp-content\/uploads\/2023\/05\/bild-schriftmarke-centred-2048x1562.png 2048w, https:\/\/bacta-implants.com\/wp-content\/uploads\/2023\/05\/bild-schriftmarke-centred-16x12.png 16w\" sizes=\"auto, (max-width: 1024px) 100vw, 1024px\" \/><\/a><\/figure>\n<\/div><\/div><\/div>\n\n\n\n<div class=\"wp-block-stackable-column stk-block-column stk-column stk-block stk-5966d7e\" data-v=\"4\" data-block-id=\"5966d7e\"><style>@media screen and (min-width: 768px){.stk-5966d7e {flex:var(--stk-flex-grow, 1) 1 calc(70% - var(--stk-column-gap, 0px) * 1 \/ 2 ) !important;}}<\/style><div class=\"stk-column-wrapper stk-block-column__content stk-container stk-5966d7e-container stk--no-background stk--no-padding\"><div class=\"stk-block-content stk-inner-blocks stk-5966d7e-inner-blocks\">\n<h2 class=\"wp-block-heading has-large-font-size\"><a href=\"https:\/\/starting-business-luh.de\/sminthannover\/\" target=\"_blank\" rel=\"noreferrer noopener\">SMINT@Hannover<\/a><\/h2>\n\n\n\n<p>The Lower Saxony HighTech Incubator is funding Bacta Implants from January to August 2023<\/p>\n<\/div><\/div><\/div>\n<\/div><\/div>\n\n\n\n<div class=\"wp-block-cover alignfull\" style=\"min-height:50px;aspect-ratio:unset;\"><img decoding=\"async\" class=\"wp-block-cover__image-background wp-image-1996\" alt=\"\" src=\"https:\/\/bacta-implants.com\/wp-content\/uploads\/2023\/03\/Element_Hintergrund_Bacta-Slide-1024x768-1.jpg\" data-object-fit=\"cover\"\/><span aria-hidden=\"true\" class=\"wp-block-cover__background has-ast-global-color-0-background-color has-background-dim-100 has-background-dim\"><\/span><div class=\"wp-block-cover__inner-container is-layout-flow wp-block-cover-is-layout-flow\">\n<p class=\"has-text-align-center has-large-font-size\"><\/p>\n<\/div><\/div>\n\n\n\n<div class=\"wp-block-stackable-columns stk-block-columns stk-block stk-e5319a1 stk-block-background\" data-block-id=\"e5319a1\"><style>.stk-e5319a1 .stk--block-align-e5319a1{align-items:center !important;}.stk-e5319a1 {background-color:var(--ast-global-color-5) !important;}.stk-e5319a1:before{background-color:var(--ast-global-color-5) !important;}<\/style><div class=\"stk-row stk-inner-blocks stk--block-align-e5319a1 stk-block-content stk-content-align stk-e5319a1-column\">\n<div class=\"wp-block-stackable-column stk-block-column stk-column stk-block stk-c5309db\" data-v=\"4\" data-block-id=\"c5309db\"><style>@media screen and (min-width: 768px){.stk-c5309db {flex:var(--stk-flex-grow, 1) 1 calc(30% - var(--stk-column-gap, 0px) * 1 \/ 2 ) !important;}}<\/style><div class=\"stk-column-wrapper stk-block-column__content stk-container stk-c5309db-container stk--no-background stk--no-padding\"><div class=\"stk-block-content stk-inner-blocks stk-c5309db-inner-blocks\">\n<figure class=\"wp-block-image size-full\"><a href=\"https:\/\/www.response.uni-rostock.de\/\" target=\"_blank\" rel=\"noreferrer noopener\"><img loading=\"lazy\" decoding=\"async\" width=\"763\" height=\"748\" src=\"https:\/\/bacta-implants.com\/wp-content\/uploads\/2023\/05\/RESPONSE_Logo_klein-merged_eng.png\" alt=\"\" class=\"wp-image-3153\" srcset=\"https:\/\/bacta-implants.com\/wp-content\/uploads\/2023\/05\/RESPONSE_Logo_klein-merged_eng.png 2164w, https:\/\/bacta-implants.com\/wp-content\/uploads\/2023\/05\/RESPONSE_Logo_klein-merged_eng-300x223.png 300w, https:\/\/bacta-implants.com\/wp-content\/uploads\/2023\/05\/RESPONSE_Logo_klein-merged_eng-1024x762.png 1024w, https:\/\/bacta-implants.com\/wp-content\/uploads\/2023\/05\/RESPONSE_Logo_klein-merged_eng-768x571.png 768w, https:\/\/bacta-implants.com\/wp-content\/uploads\/2023\/05\/RESPONSE_Logo_klein-merged_eng-1536x1143.png 1536w, https:\/\/bacta-implants.com\/wp-content\/uploads\/2023\/05\/RESPONSE_Logo_klein-merged_eng-2048x1524.png 2048w, https:\/\/bacta-implants.com\/wp-content\/uploads\/2023\/05\/RESPONSE_Logo_klein-merged_eng-16x12.png 16w\" sizes=\"auto, (max-width: 763px) 100vw, 763px\" \/><\/a><\/figure>\n<\/div><\/div><\/div>\n\n\n\n<div class=\"wp-block-stackable-column stk-block-column stk-column stk-block stk-7a96172\" data-v=\"4\" data-block-id=\"7a96172\"><style>@media screen and (min-width: 768px){.stk-7a96172 {flex:var(--stk-flex-grow, 1) 1 calc(70% - var(--stk-column-gap, 0px) * 1 \/ 2 ) !important;}}<\/style><div class=\"stk-column-wrapper stk-block-column__content stk-container stk-7a96172-container stk--no-background stk--no-padding\"><div class=\"stk-block-content stk-inner-blocks stk-7a96172-inner-blocks\">\n<h2 class=\"wp-block-heading has-large-font-size\"><a href=\"https:\/\/www.response.uni-rostock.de\/\" target=\"_blank\" rel=\"noreferrer noopener\">RESPONSE<\/a><\/h2>\n\n\n\n<p>The basic research for Bacta implants was carried out by the <a rel=\"noreferrer noopener\" href=\"https:\/\/www.bmbf.de\/bmbf\/en\/home\/home_node.html\" target=\"_blank\">Federal Ministry of Education and Research<\/a> funded within the project \"RESPONSE-Partnership for Innovation in Implant Technology.<\/p>\n<\/div><\/div><\/div>\n<\/div><\/div>\n\n\n\n<div class=\"wp-block-cover alignfull\" style=\"min-height:50px;aspect-ratio:unset;\"><img decoding=\"async\" class=\"wp-block-cover__image-background wp-image-1996\" alt=\"\" src=\"https:\/\/bacta-implants.com\/wp-content\/uploads\/2023\/03\/Element_Hintergrund_Bacta-Slide-1024x768-1.jpg\" data-object-fit=\"cover\"\/><span aria-hidden=\"true\" class=\"wp-block-cover__background has-ast-global-color-0-background-color has-background-dim-100 has-background-dim\"><\/span><div class=\"wp-block-cover__inner-container is-layout-flow wp-block-cover-is-layout-flow\">\n<p class=\"has-text-align-center has-large-font-size\"><\/p>\n<\/div><\/div>\n\n\n\n<div class=\"wp-block-stackable-columns stk-block-columns stk-block stk-8539126\" data-block-id=\"8539126\"><style>.stk-8539126 .stk--block-align-8539126{align-items:center !important;}<\/style><div class=\"stk-row stk-inner-blocks stk--block-align-8539126 stk-block-content stk-content-align stk-8539126-column\">\n<div class=\"wp-block-stackable-column stk-block-column stk-column stk-block stk-d17eeef\" data-v=\"4\" data-block-id=\"d17eeef\"><style>@media screen and (min-width: 768px){.stk-d17eeef {flex:var(--stk-flex-grow, 1) 1 calc(30% - var(--stk-column-gap, 0px) * 1 \/ 2 ) !important;}}<\/style><div class=\"stk-column-wrapper stk-block-column__content stk-container stk-d17eeef-container stk--no-background stk--no-padding\"><div class=\"stk-block-content stk-inner-blocks stk-d17eeef-inner-blocks\">\n<figure class=\"wp-block-image size-full\"><a href=\"https:\/\/hoersys.de\/\" target=\"_blank\" rel=\"noreferrer noopener\"><img loading=\"lazy\" decoding=\"async\" width=\"250\" height=\"75\" src=\"https:\/\/bacta-implants.com\/wp-content\/uploads\/2023\/05\/hoersys_logo.png\" alt=\"\" class=\"wp-image-3155\" srcset=\"https:\/\/bacta-implants.com\/wp-content\/uploads\/2023\/05\/hoersys_logo.png 250w, https:\/\/bacta-implants.com\/wp-content\/uploads\/2023\/05\/hoersys_logo-18x5.png 18w\" sizes=\"auto, (max-width: 250px) 100vw, 250px\" \/><\/a><\/figure>\n<\/div><\/div><\/div>\n\n\n\n<div class=\"wp-block-stackable-column stk-block-column stk-column stk-block stk-db25d3b\" data-v=\"4\" data-block-id=\"db25d3b\"><style>@media screen and (min-width: 768px){.stk-db25d3b {flex:var(--stk-flex-grow, 1) 1 calc(70% - var(--stk-column-gap, 0px) * 1 \/ 2 ) !important;}}<\/style><div class=\"stk-column-wrapper stk-block-column__content stk-container stk-db25d3b-container stk--no-background stk--no-padding\"><div class=\"stk-block-content stk-inner-blocks stk-db25d3b-inner-blocks\">\n<h2 class=\"wp-block-heading has-large-font-size\"><a href=\"https:\/\/hoersys.de\/\" target=\"_blank\" rel=\"noreferrer noopener\">H\u00f6rsys GmbH<\/a><\/h2>\n\n\n\n<p>H\u00f6rsys GmbH was a close partner in the <a rel=\"noreferrer noopener\" href=\"https:\/\/www.response.uni-rostock.de\/\" target=\"_blank\">RESPONSE<\/a>-Project. Together, we developed the software that enables us to manufacture our first product, the RNI, in a highly efficient and precise AI-based manner.<\/p>\n<\/div><\/div><\/div>\n<\/div><\/div>\n\n\n\n<div class=\"wp-block-cover alignfull\" style=\"min-height:50px;aspect-ratio:unset;\"><img decoding=\"async\" class=\"wp-block-cover__image-background wp-image-1996\" alt=\"\" src=\"https:\/\/bacta-implants.com\/wp-content\/uploads\/2023\/03\/Element_Hintergrund_Bacta-Slide-1024x768-1.jpg\" data-object-fit=\"cover\"\/><span aria-hidden=\"true\" class=\"wp-block-cover__background has-ast-global-color-0-background-color has-background-dim-100 has-background-dim\"><\/span><div class=\"wp-block-cover__inner-container is-layout-flow wp-block-cover-is-layout-flow\">\n<p class=\"has-text-align-center has-large-font-size\"><\/p>\n<\/div><\/div>\n\n\n\n<div class=\"wp-block-stackable-columns stk-block-columns stk-block stk-b548492 stk-block-background\" data-block-id=\"b548492\"><style>.stk-b548492 .stk--block-align-b548492{align-items:center !important;}.stk-b548492 {background-color:var(--ast-global-color-5) !important;}.stk-b548492:before{background-color:var(--ast-global-color-5) !important;}<\/style><div class=\"stk-row stk-inner-blocks stk--block-align-b548492 stk-block-content stk-content-align stk-b548492-column\">\n<div class=\"wp-block-stackable-column stk-block-column stk-column stk-block stk-5b56aae\" data-v=\"4\" data-block-id=\"5b56aae\"><style>.stk-5b56aae-container{padding-top:0px !important;padding-right:0px !important;padding-bottom:0px !important;padding-left:0px !important;}@media screen and (min-width: 768px){.stk-5b56aae {flex:var(--stk-flex-grow, 1) 1 calc(29.999999999999993% - var(--stk-column-gap, 0px) * 1 \/ 2 ) !important;}}<\/style><div class=\"stk-column-wrapper stk-block-column__content stk-container stk-5b56aae-container stk--no-background stk--no-padding\"><div class=\"stk-block-content stk-inner-blocks stk-5b56aae-inner-blocks\">\n<figure class=\"wp-block-image alignfull size-full\"><a href=\"https:\/\/www.mhh.de\/en\/\" target=\"_blank\" rel=\"noreferrer noopener\"><img loading=\"lazy\" decoding=\"async\" width=\"448\" height=\"112\" src=\"https:\/\/bacta-implants.com\/wp-content\/uploads\/2023\/05\/MHH.png\" alt=\"\" class=\"wp-image-3149\" srcset=\"https:\/\/bacta-implants.com\/wp-content\/uploads\/2023\/05\/MHH.png 448w, https:\/\/bacta-implants.com\/wp-content\/uploads\/2023\/05\/MHH-300x75.png 300w, https:\/\/bacta-implants.com\/wp-content\/uploads\/2023\/05\/MHH-18x5.png 18w\" sizes=\"auto, (max-width: 448px) 100vw, 448px\" \/><\/a><\/figure>\n<\/div><\/div><\/div>\n\n\n\n<div class=\"wp-block-stackable-column stk-block-column stk-column stk-block stk-dece804\" data-v=\"4\" data-block-id=\"dece804\"><style>@media screen and (min-width: 768px){.stk-dece804 {flex:var(--stk-flex-grow, 1) 1 calc(70% - var(--stk-column-gap, 0px) * 1 \/ 2 ) !important;}}<\/style><div class=\"stk-column-wrapper stk-block-column__content stk-container stk-dece804-container stk--no-background stk--no-padding\"><div class=\"stk-block-content stk-inner-blocks stk-dece804-inner-blocks\">\n<h2 class=\"wp-block-heading has-large-font-size\"><a href=\"https:\/\/www.mhh.de\/en\/\" target=\"_blank\" rel=\"noreferrer noopener\">Hanover Medical School<\/a><\/h2>\n\n\n\n<p>Bacta Implants is a spin-off activity of the <a rel=\"noreferrer noopener\" href=\"https:\/\/www.mhh.de\/en\/ent\" target=\"_blank\">Department of Otorhinolaryngology, Hannover Medical School (MHH)<\/a>. All fundamental results and further developments were achieved at the MHH and in close cooperation with colleagues at the MHH.<\/p>\n<\/div><\/div><\/div>\n<\/div><\/div>\n\n\n\n<div class=\"wp-block-cover alignfull\" style=\"min-height:50px;aspect-ratio:unset;\"><img decoding=\"async\" class=\"wp-block-cover__image-background wp-image-1996\" alt=\"\" src=\"https:\/\/bacta-implants.com\/wp-content\/uploads\/2023\/03\/Element_Hintergrund_Bacta-Slide-1024x768-1.jpg\" data-object-fit=\"cover\"\/><span aria-hidden=\"true\" class=\"wp-block-cover__background has-ast-global-color-0-background-color has-background-dim-100 has-background-dim\"><\/span><div class=\"wp-block-cover__inner-container is-layout-flow wp-block-cover-is-layout-flow\">\n<p class=\"has-text-align-center has-large-font-size\"><\/p>\n<\/div><\/div>\n\n\n\n<div class=\"wp-block-stackable-columns stk-block-columns stk-block stk-041f5ea\" data-block-id=\"041f5ea\"><div class=\"stk-row stk-inner-blocks stk-block-content stk-content-align stk-041f5ea-column\">\n<div class=\"wp-block-stackable-column stk-block-column stk-column stk-block stk-ef55934\" data-v=\"4\" data-block-id=\"ef55934\"><div class=\"stk-column-wrapper stk-block-column__content stk-container stk-ef55934-container stk--no-background stk--no-padding\"><div class=\"stk-block-content stk-inner-blocks stk-ef55934-inner-blocks\">\n<div class=\"wp-block-stackable-columns stk-block-columns stk-block stk-cf802d9\" data-block-id=\"cf802d9\"><div class=\"stk-row stk-inner-blocks stk-block-content stk-content-align stk-cf802d9-column\">\n<div class=\"wp-block-stackable-column stk-block-column stk-column stk-block stk-ecce5e9\" data-v=\"4\" data-block-id=\"ecce5e9\"><style>@media screen and (min-width: 768px){.stk-ecce5e9 {flex:var(--stk-flex-grow, 1) 1 calc(30.69999999999999% - var(--stk-column-gap, 0px) * 1 \/ 2 ) !important;}}<\/style><div class=\"stk-column-wrapper stk-block-column__content stk-container stk-ecce5e9-container stk--no-background stk--no-padding\"><div class=\"stk-block-content stk-inner-blocks stk-ecce5e9-inner-blocks\">\n<p><\/p>\n\n\n\n<p><\/p>\n\n\n\n<figure class=\"wp-block-image size-full\"><img loading=\"lazy\" decoding=\"async\" width=\"964\" height=\"261\" src=\"https:\/\/bacta-implants.com\/wp-content\/uploads\/2025\/08\/ibt.png\" alt=\"\" class=\"wp-image-3491\" srcset=\"https:\/\/bacta-implants.com\/wp-content\/uploads\/2025\/08\/ibt.png 964w, https:\/\/bacta-implants.com\/wp-content\/uploads\/2025\/08\/ibt-300x81.png 300w, https:\/\/bacta-implants.com\/wp-content\/uploads\/2025\/08\/ibt-768x208.png 768w, https:\/\/bacta-implants.com\/wp-content\/uploads\/2025\/08\/ibt-18x5.png 18w\" sizes=\"auto, (max-width: 964px) 100vw, 964px\" \/><\/figure>\n<\/div><\/div><\/div>\n\n\n\n<div class=\"wp-block-stackable-column stk-block-column stk-column stk-block stk-7fb9340\" data-v=\"4\" data-block-id=\"7fb9340\"><style>@media screen and (min-width: 768px){.stk-7fb9340 {flex:var(--stk-flex-grow, 1) 1 calc(69.30000000000001% - var(--stk-column-gap, 0px) * 1 \/ 2 ) !important;}}<\/style><div class=\"stk-column-wrapper stk-block-column__content stk-container stk-7fb9340-container stk--no-background stk--no-padding\"><div class=\"stk-block-content stk-inner-blocks stk-7fb9340-inner-blocks\">\n<h2 class=\"wp-block-heading\">Institut f\u00fcr Biomedizinische Translation<\/h2>\n\n\n\n<p>IBT's goal is to translate excellent research results into innovative preventive, diagnostic, and therapeutic procedures as quickly as possible. They establish new corporations to create and support promising startups. <\/p>\n<\/div><\/div><\/div>\n<\/div><\/div>\n<\/div><\/div><\/div>\n<\/div><\/div>\n\n\n\n<div class=\"wp-block-cover alignfull\" style=\"min-height:50px;aspect-ratio:unset;\"><img decoding=\"async\" class=\"wp-block-cover__image-background wp-image-1996\" alt=\"\" src=\"https:\/\/bacta-implants.com\/wp-content\/uploads\/2023\/03\/Element_Hintergrund_Bacta-Slide-1024x768-1.jpg\" data-object-fit=\"cover\"\/><span aria-hidden=\"true\" class=\"wp-block-cover__background has-ast-global-color-0-background-color has-background-dim-100 has-background-dim\"><\/span><div class=\"wp-block-cover__inner-container is-layout-flow wp-block-cover-is-layout-flow\">\n<p class=\"has-text-align-center has-large-font-size\"><\/p>\n<\/div><\/div>\n\n\n\n<div class=\"wp-block-stackable-columns stk-block-columns stk-block stk-857e8e4\" data-block-id=\"857e8e4\"><div class=\"stk-row stk-inner-blocks stk-block-content stk-content-align stk-857e8e4-column\">\n<div class=\"wp-block-stackable-column stk-block-column stk-column stk-block stk-7ba62c9\" data-v=\"4\" data-block-id=\"7ba62c9\"><div class=\"stk-column-wrapper stk-block-column__content stk-container stk-7ba62c9-container stk--no-background stk--no-padding\"><div class=\"stk-block-content stk-inner-blocks stk-7ba62c9-inner-blocks\"><\/div><\/div><\/div>\n<\/div><\/div>\n\n\n\n<p><\/p>","protected":false},"excerpt":{"rendered":"<p>Partner Wir bedanken uns bei unseren Partnern f\u00fcr ihre Unterst\u00fctzung! SMINT@Hannover Der HighTech Inkubator des Landes Niedersachsen f\u00f6rdert Bacta Implants von Januar bis August 2023 sowohl finanziell als auch durch Coaching. RESPONSE Die Grundlagenforschung f\u00fcr Bacta Implantate wurde durch das Bundesministerium f\u00fcr Bildung und Forschung (BMBF) im Rahmen des Projektes \u201cRESPONSE-Partnerschaft f\u00fcr Innovation in der [&hellip;]<\/p>\n","protected":false},"author":1,"featured_media":0,"parent":0,"menu_order":0,"comment_status":"closed","ping_status":"closed","template":"","meta":{"_uag_custom_page_level_css":"","site-sidebar-layout":"default","site-content-layout":"","ast-site-content-layout":"default","site-content-style":"default","site-sidebar-style":"default","ast-global-header-display":"","ast-banner-title-visibility":"","ast-main-header-display":"","ast-hfb-above-header-display":"","ast-hfb-below-header-display":"","ast-hfb-mobile-header-display":"","site-post-title":"","ast-breadcrumbs-content":"","ast-featured-img":"","footer-sml-layout":"","ast-disable-related-posts":"","theme-transparent-header-meta":"","adv-header-id-meta":"","stick-header-meta":"","header-above-stick-meta":"","header-main-stick-meta":"","header-below-stick-meta":"","astra-migrate-meta-layouts":"set","ast-page-background-enabled":"default","ast-page-background-meta":{"desktop":{"background-color":"","background-image":"","background-repeat":"repeat","background-position":"center center","background-size":"auto","background-attachment":"scroll","background-type":"","background-media":"","overlay-type":"","overlay-color":"","overlay-opacity":"","overlay-gradient":""},"tablet":{"background-color":"","background-image":"","background-repeat":"repeat","background-position":"center center","background-size":"auto","background-attachment":"scroll","background-type":"","background-media":"","overlay-type":"","overlay-color":"","overlay-opacity":"","overlay-gradient":""},"mobile":{"background-color":"","background-image":"","background-repeat":"repeat","background-position":"center center","background-size":"auto","background-attachment":"scroll","background-type":"","background-media":"","overlay-type":"","overlay-color":"","overlay-opacity":"","overlay-gradient":""}},"ast-content-background-meta":{"desktop":{"background-color":"var(--ast-global-color-5)","background-image":"","background-repeat":"repeat","background-position":"center center","background-size":"auto","background-attachment":"scroll","background-type":"","background-media":"","overlay-type":"","overlay-color":"","overlay-opacity":"","overlay-gradient":""},"tablet":{"background-color":"var(--ast-global-color-5)","background-image":"","background-repeat":"repeat","background-position":"center center","background-size":"auto","background-attachment":"scroll","background-type":"","background-media":"","overlay-type":"","overlay-color":"","overlay-opacity":"","overlay-gradient":""},"mobile":{"background-color":"var(--ast-global-color-5)","background-image":"","background-repeat":"repeat","background-position":"center center","background-size":"auto","background-attachment":"scroll","background-type":"","background-media":"","overlay-type":"","overlay-color":"","overlay-opacity":"","overlay-gradient":""}},"footnotes":""},"class_list":["post-1846","page","type-page","status-publish","hentry"],"uagb_featured_image_src":{"full":false,"thumbnail":false,"medium":false,"medium_large":false,"large":false,"1536x1536":false,"2048x2048":false,"trp-custom-language-flag":false},"uagb_author_info":{"display_name":"admin","author_link":"https:\/\/bacta-implants.com\/en\/author\/admin\/"},"uagb_comment_info":0,"uagb_excerpt":"Partner Wir bedanken uns bei unseren Partnern f\u00fcr ihre Unterst\u00fctzung! SMINT@Hannover Der HighTech Inkubator des Landes Niedersachsen f\u00f6rdert Bacta Implants von Januar bis August 2023 sowohl finanziell als auch durch Coaching. RESPONSE Die Grundlagenforschung f\u00fcr Bacta Implantate wurde durch das Bundesministerium f\u00fcr Bildung und Forschung (BMBF) im Rahmen des Projektes \u201cRESPONSE-Partnerschaft f\u00fcr Innovation in der&hellip;","_links":{"self":[{"href":"https:\/\/bacta-implants.com\/en\/wp-json\/wp\/v2\/pages\/1846","targetHints":{"allow":["GET"]}}],"collection":[{"href":"https:\/\/bacta-implants.com\/en\/wp-json\/wp\/v2\/pages"}],"about":[{"href":"https:\/\/bacta-implants.com\/en\/wp-json\/wp\/v2\/types\/page"}],"author":[{"embeddable":true,"href":"https:\/\/bacta-implants.com\/en\/wp-json\/wp\/v2\/users\/1"}],"replies":[{"embeddable":true,"href":"https:\/\/bacta-implants.com\/en\/wp-json\/wp\/v2\/comments?post=1846"}],"version-history":[{"count":31,"href":"https:\/\/bacta-implants.com\/en\/wp-json\/wp\/v2\/pages\/1846\/revisions"}],"predecessor-version":[{"id":3503,"href":"https:\/\/bacta-implants.com\/en\/wp-json\/wp\/v2\/pages\/1846\/revisions\/3503"}],"wp:attachment":[{"href":"https:\/\/bacta-implants.com\/en\/wp-json\/wp\/v2\/media?parent=1846"}],"curies":[{"name":"wp","href":"https:\/\/api.w.org\/{rel}","templated":true}]}}