{"id":1834,"date":"2023-03-11T10:01:06","date_gmt":"2023-03-11T10:01:06","guid":{"rendered":"https:\/\/bacta-implants.com\/?page_id=1834"},"modified":"2026-01-28T20:52:00","modified_gmt":"2026-01-28T20:52:00","slug":"investorinnen","status":"publish","type":"page","link":"https:\/\/bacta-implants.com\/en\/home\/investorinnen\/","title":{"rendered":"Investors"},"content":{"rendered":"<p>Are you looking for great investment opportunities?<\/p>\n\n\n\n<p>Bacta Implants is looking for investors to revolutionize the world of hearing loss therapy.<\/p>\n\n\n\n<p>Our pitchdeck can be found here:<\/p>\n\n\n\n<div data-wp-interactive=\"core\/file\" class=\"wp-block-file\"><object data-wp-bind--hidden=\"!state.hasPdfPreview\" hidden class=\"wp-block-file__embed\" data=\"https:\/\/bacta-implants.com\/wp-content\/uploads\/2026\/01\/Read-deck-Bacta-Implants.pdf\" type=\"application\/pdf\" style=\"width:100%;height:600px\" aria-label=\"Embed of Read deck Bacta Implants.\"><\/object><a id=\"wp-block-file--media-dbce4b81-bfba-4496-932d-ae4e2efd0254\" href=\"https:\/\/bacta-implants.com\/wp-content\/uploads\/2026\/01\/Read-deck-Bacta-Implants.pdf\">Read deck Bacta Implants<\/a><a href=\"https:\/\/bacta-implants.com\/wp-content\/uploads\/2026\/01\/Read-deck-Bacta-Implants.pdf\" class=\"wp-block-file__button wp-element-button\" download aria-describedby=\"wp-block-file--media-dbce4b81-bfba-4496-932d-ae4e2efd0254\">Download<\/a><\/div>\n\n\n\n<p>Please contact us via the contact form!<\/p>","protected":false},"excerpt":{"rendered":"<p>Sie suchen nach einer tollen Investitionsm\u00f6glichkeit? Bacta Implants sucht nach Investoren, um die Welt der H\u00f6rtherapie zu revolutionieren. Unser Pitchdeck finden Sie hier: Schreiben Sie uns auch gerne \u00fcber unser Kontaktformular an!<\/p>","protected":false},"author":1,"featured_media":0,"parent":14,"menu_order":0,"comment_status":"closed","ping_status":"closed","template":"","meta":{"_uag_custom_page_level_css":"","site-sidebar-layout":"default","site-content-layout":"","ast-site-content-layout":"default","site-content-style":"default","site-sidebar-style":"default","ast-global-header-display":"","ast-banner-title-visibility":"","ast-main-header-display":"","ast-hfb-above-header-display":"","ast-hfb-below-header-display":"","ast-hfb-mobile-header-display":"","site-post-title":"","ast-breadcrumbs-content":"","ast-featured-img":"","footer-sml-layout":"","ast-disable-related-posts":"","theme-transparent-header-meta":"","adv-header-id-meta":"","stick-header-meta":"","header-above-stick-meta":"","header-main-stick-meta":"","header-below-stick-meta":"","astra-migrate-meta-layouts":"set","ast-page-background-enabled":"default","ast-page-background-meta":{"desktop":{"background-color":"","background-image":"","background-repeat":"repeat","background-position":"center center","background-size":"auto","background-attachment":"scroll","background-type":"","background-media":"","overlay-type":"","overlay-color":"","overlay-opacity":"","overlay-gradient":""},"tablet":{"background-color":"","background-image":"","background-repeat":"repeat","background-position":"center center","background-size":"auto","background-attachment":"scroll","background-type":"","background-media":"","overlay-type":"","overlay-color":"","overlay-opacity":"","overlay-gradient":""},"mobile":{"background-color":"","background-image":"","background-repeat":"repeat","background-position":"center center","background-size":"auto","background-attachment":"scroll","background-type":"","background-media":"","overlay-type":"","overlay-color":"","overlay-opacity":"","overlay-gradient":""}},"ast-content-background-meta":{"desktop":{"background-color":"var(--ast-global-color-5)","background-image":"","background-repeat":"repeat","background-position":"center center","background-size":"auto","background-attachment":"scroll","background-type":"","background-media":"","overlay-type":"","overlay-color":"","overlay-opacity":"","overlay-gradient":""},"tablet":{"background-color":"var(--ast-global-color-5)","background-image":"","background-repeat":"repeat","background-position":"center center","background-size":"auto","background-attachment":"scroll","background-type":"","background-media":"","overlay-type":"","overlay-color":"","overlay-opacity":"","overlay-gradient":""},"mobile":{"background-color":"var(--ast-global-color-5)","background-image":"","background-repeat":"repeat","background-position":"center center","background-size":"auto","background-attachment":"scroll","background-type":"","background-media":"","overlay-type":"","overlay-color":"","overlay-opacity":"","overlay-gradient":""}},"footnotes":""},"class_list":["post-1834","page","type-page","status-publish","hentry"],"uagb_featured_image_src":{"full":false,"thumbnail":false,"medium":false,"medium_large":false,"large":false,"1536x1536":false,"2048x2048":false,"trp-custom-language-flag":false},"uagb_author_info":{"display_name":"admin","author_link":"https:\/\/bacta-implants.com\/en\/author\/admin\/"},"uagb_comment_info":0,"uagb_excerpt":"Sie suchen nach einer tollen Investitionsm\u00f6glichkeit? Bacta Implants sucht nach Investoren, um die Welt der H\u00f6rtherapie zu revolutionieren. Unser Pitchdeck finden Sie hier: Schreiben Sie uns auch gerne \u00fcber unser Kontaktformular an!","_links":{"self":[{"href":"https:\/\/bacta-implants.com\/en\/wp-json\/wp\/v2\/pages\/1834","targetHints":{"allow":["GET"]}}],"collection":[{"href":"https:\/\/bacta-implants.com\/en\/wp-json\/wp\/v2\/pages"}],"about":[{"href":"https:\/\/bacta-implants.com\/en\/wp-json\/wp\/v2\/types\/page"}],"author":[{"embeddable":true,"href":"https:\/\/bacta-implants.com\/en\/wp-json\/wp\/v2\/users\/1"}],"replies":[{"embeddable":true,"href":"https:\/\/bacta-implants.com\/en\/wp-json\/wp\/v2\/comments?post=1834"}],"version-history":[{"count":11,"href":"https:\/\/bacta-implants.com\/en\/wp-json\/wp\/v2\/pages\/1834\/revisions"}],"predecessor-version":[{"id":3660,"href":"https:\/\/bacta-implants.com\/en\/wp-json\/wp\/v2\/pages\/1834\/revisions\/3660"}],"up":[{"embeddable":true,"href":"https:\/\/bacta-implants.com\/en\/wp-json\/wp\/v2\/pages\/14"}],"wp:attachment":[{"href":"https:\/\/bacta-implants.com\/en\/wp-json\/wp\/v2\/media?parent=1834"}],"curies":[{"name":"wp","href":"https:\/\/api.w.org\/{rel}","templated":true}]}}